{"id":49,"date":"2023-03-17T15:38:10","date_gmt":"2023-03-17T14:38:10","guid":{"rendered":"https:\/\/s2mseguros.es\/?page_id=49"},"modified":"2023-05-15T09:53:04","modified_gmt":"2023-05-15T07:53:04","slug":"inicio","status":"publish","type":"page","link":"https:\/\/s2mseguros.es\/en\/","title":{"rendered":"Inicio"},"content":{"rendered":"<p>[et_pb_section fb_built=\u00bb1&#8243; fullwidth=\u00bbon\u00bb _builder_version=\u00bb4.20.0&#8243; _module_preset=\u00bbdefault\u00bb global_colors_info=\u00bb{}\u00bb][et_pb_fullwidth_slider _builder_version=\u00bb4.20.0&#8243; _module_preset=\u00bbdefault\u00bb background_color=\u00bb#0038AE\u00bb global_colors_info=\u00bb{}\u00bb][et_pb_slide heading=\u00bbS2M SEGUROS\u00bb button_text=\u00bbSaber m\u00e1s\u00bb image_last_edited=\u00bboff|phone\u00bb _builder_version=\u00bb4.20.0&#8243; _module_preset=\u00bbdefault\u00bb header_level=\u00bbh1&#8243; background_color=\u00bb#0038AE\u00bb background_enable_color=\u00bbon\u00bb background_image=\u00bbhttps:\/\/s2mseguros.es\/wp-content\/uploads\/2023\/03\/Interseccion-1.png\u00bb background_enable_image=\u00bbon\u00bb background_size=\u00bbcustom\u00bb background_image_height=\u00bb90%\u00bb background_position=\u00bbbottom_right\u00bb background_horizontal_offset=\u00bb-15%\u00bb text_orientation=\u00bbleft\u00bb global_colors_info=\u00bb{}\u00bb sticky_transition=\u00bbon\u00bb]<\/p>\n<p>Nuestro equipo de expertos en seguros trabaja diariamente para ofrecer el mejor servicio personalizado a nuestros clientes.<\/p>\n<p>[\/et_pb_slide][\/et_pb_fullwidth_slider][\/et_pb_section][et_pb_section fb_built=\u00bb1&#8243; specialty=\u00bbon\u00bb module_class=\u00bbdestacadas\u00bb _builder_version=\u00bb4.20.0&#8243; _module_preset=\u00bbdefault\u00bb global_colors_info=\u00bb{}\u00bb][et_pb_column type=\u00bb1_4&#8243; _builder_version=\u00bb4.16&#8243; custom_padding=\u00bb|||\u00bb global_colors_info=\u00bb{}\u00bb custom_padding__hover=\u00bb|||\u00bb][et_pb_cta title=\u00bbSEGURO DE SALUD\u00bb _builder_version=\u00bb4.20.0&#8243; _module_preset=\u00bbdefault\u00bb header_level=\u00bbh3&#8243; background_enable_color=\u00bboff\u00bb background_image=\u00bbhttps:\/\/s2mseguros.es\/wp-content\/uploads\/2023\/03\/shutterstock_2144156515-copia.jpg\u00bb global_colors_info=\u00bb{}\u00bb][\/et_pb_cta][\/et_pb_column][et_pb_column type=\u00bb1_2&#8243; specialty_columns=\u00bb2&#8243; _builder_version=\u00bb4.16&#8243; custom_padding=\u00bb|||\u00bb global_colors_info=\u00bb{}\u00bb custom_padding__hover=\u00bb|||\u00bb][et_pb_row_inner column_structure=\u00bb1_2,1_2&#8243; _builder_version=\u00bb4.20.0&#8243; _module_preset=\u00bbdefault\u00bb global_colors_info=\u00bb{}\u00bb][et_pb_column_inner type=\u00bb1_2&#8243; saved_specialty_column_type=\u00bb1_2&#8243; _builder_version=\u00bb4.20.0&#8243; _module_preset=\u00bbdefault\u00bb global_colors_info=\u00bb{}\u00bb][et_pb_cta title=\u00bbSEGURO M\u00c9DICO\u00bb _builder_version=\u00bb4.20.0&#8243; _module_preset=\u00bbdefault\u00bb header_level=\u00bbh3&#8243; background_image=\u00bbhttps:\/\/s2mseguros.es\/wp-content\/uploads\/2023\/03\/shutterstock_1043494024.jpg\u00bb global_colors_info=\u00bb{}\u00bb][\/et_pb_cta][et_pb_cta title=\u00bbSEGURO DE COCHE\u00bb _builder_version=\u00bb4.20.0&#8243; _module_preset=\u00bbdefault\u00bb header_level=\u00bbh3&#8243; background_image=\u00bbhttps:\/\/s2mseguros.es\/wp-content\/uploads\/2023\/03\/shutterstock_2190779123.png\u00bb global_colors_info=\u00bb{}\u00bb][\/et_pb_cta][\/et_pb_column_inner][et_pb_column_inner type=\u00bb1_2&#8243; saved_specialty_column_type=\u00bb1_2&#8243; _builder_version=\u00bb4.20.0&#8243; _module_preset=\u00bbdefault\u00bb global_colors_info=\u00bb{}\u00bb][et_pb_cta title=\u00bbSEGURO DE MOTO\u00bb _builder_version=\u00bb4.20.0&#8243; _module_preset=\u00bbdefault\u00bb header_level=\u00bbh3&#8243; background_image=\u00bbhttps:\/\/s2mseguros.es\/wp-content\/uploads\/2023\/03\/moto.jpg\u00bb global_colors_info=\u00bb{}\u00bb][\/et_pb_cta][et_pb_cta title=\u00bbSEGUROS\u00bb _builder_version=\u00bb4.20.0&#8243; _module_preset=\u00bbdefault\u00bb header_level=\u00bbh3&#8243; background_image=\u00bbhttps:\/\/s2mseguros.es\/wp-content\/uploads\/2023\/03\/shutterstock_1171266196-copia.png\u00bb background_position=\u00bbbottom_center\u00bb background_vertical_offset=\u00bb21%\u00bb global_colors_info=\u00bb{}\u00bb][\/et_pb_cta][\/et_pb_column_inner][\/et_pb_row_inner][\/et_pb_column][et_pb_column type=\u00bb1_4&#8243; _builder_version=\u00bb4.16&#8243; custom_padding=\u00bb|||\u00bb global_colors_info=\u00bb{}\u00bb custom_padding__hover=\u00bb|||\u00bb][et_pb_cta title=\u00bbSEGURO DE VIDA\u00bb _builder_version=\u00bb4.20.0&#8243; _module_preset=\u00bbdefault\u00bb header_level=\u00bbh3&#8243; background_image=\u00bbhttps:\/\/s2mseguros.es\/wp-content\/uploads\/2023\/03\/shutterstock_2014536923.jpg\u00bb global_colors_info=\u00bb{}\u00bb][\/et_pb_cta][\/et_pb_column][\/et_pb_section][et_pb_section fb_built=\u00bb1&#8243; _builder_version=\u00bb4.20.0&#8243; _module_preset=\u00bbdefault\u00bb background_image=\u00bbhttps:\/\/s2mseguros.es\/wp-content\/uploads\/2023\/03\/Exclusion-1-copia.jpg\u00bb min_height=\u00bb100vh\u00bb custom_padding=\u00bb0px||||false|false\u00bb global_colors_info=\u00bb{}\u00bb][et_pb_row _builder_version=\u00bb4.20.0&#8243; _module_preset=\u00bbdefault\u00bb background_color=\u00bb#FFFFFF\u00bb width=\u00bb100%\u00bb max_width=\u00bb100vw\u00bb module_alignment=\u00bbcenter\u00bb custom_padding=\u00bb|10%||10%|false|true\u00bb border_radii=\u00bboff|0%||300px|300px\u00bb border_radii_tablet=\u00bboff|0%||200px|200px\u00bb border_radii_phone=\u00bboff|0%||100px|100px\u00bb border_radii_last_edited=\u00bbon|phone\u00bb box_shadow_style=\u00bbpreset3&#8243; box_shadow_vertical=\u00bb9px\u00bb box_shadow_blur=\u00bb15px\u00bb global_colors_info=\u00bb{}\u00bb][et_pb_column type=\u00bb4_4&#8243; _builder_version=\u00bb4.20.0&#8243; _module_preset=\u00bbdefault\u00bb global_colors_info=\u00bb{}\u00bb][et_pb_text _builder_version=\u00bb4.20.0&#8243; _module_preset=\u00bbdefault\u00bb global_colors_info=\u00bb{}\u00bb]<\/p>\n<h2>Nuestra empresa<\/h2>\n<p>[\/et_pb_text][et_pb_text disabled_on=\u00bbon|off|off\u00bb _builder_version=\u00bb4.20.0&#8243; _module_preset=\u00bbdefault\u00bb text_orientation=\u00bbcenter\u00bb width=\u00bb80%\u00bb max_width=\u00bb1024px\u00bb module_alignment=\u00bbcenter\u00bb global_colors_info=\u00bb{}\u00bb]<\/p>\n<p>Disponemos de un equipo preparado para cualquier situaci\u00f3n o problem\u00e1tica. No dudes en ponerte en contacto con nosotros.<\/p>\n<p>[\/et_pb_text][\/et_pb_column][\/et_pb_row][et_pb_row column_structure=\u00bb1_4,1_4,1_4,1_4&#8243; _builder_version=\u00bb4.20.0&#8243; _module_preset=\u00bbdefault\u00bb global_colors_info=\u00bb{}\u00bb][et_pb_column type=\u00bb1_4&#8243; _builder_version=\u00bb4.20.0&#8243; _module_preset=\u00bbdefault\u00bb global_colors_info=\u00bb{}\u00bb][et_pb_blurb title=\u00bbSEGURO DE PENSIONES\u00bb image=\u00bbhttps:\/\/s2mseguros.es\/wp-content\/uploads\/2023\/03\/ahorro.svg\u00bb module_class=\u00bbcard\u00bb _builder_version=\u00bb4.20.0&#8243; _module_preset=\u00bbdefault\u00bb header_text_align=\u00bbcenter\u00bb background_enable_color=\u00bboff\u00bb global_colors_info=\u00bb{}\u00bb][\/et_pb_blurb][\/et_pb_column][et_pb_column type=\u00bb1_4&#8243; _builder_version=\u00bb4.20.0&#8243; _module_preset=\u00bbdefault\u00bb global_colors_info=\u00bb{}\u00bb][et_pb_blurb title=\u00bbSEGURO DE FAMILIA\u00bb image=\u00bbhttps:\/\/s2mseguros.es\/wp-content\/uploads\/2023\/03\/equipo.svg\u00bb module_class=\u00bbcard\u00bb _builder_version=\u00bb4.20.0&#8243; _module_preset=\u00bbdefault\u00bb header_text_align=\u00bbcenter\u00bb background_enable_color=\u00bboff\u00bb global_colors_info=\u00bb{}\u00bb][\/et_pb_blurb][\/et_pb_column][et_pb_column type=\u00bb1_4&#8243; _builder_version=\u00bb4.20.0&#8243; _module_preset=\u00bbdefault\u00bb global_colors_info=\u00bb{}\u00bb][et_pb_blurb title=\u00bbSEGURO DE COCHE\u00bb image=\u00bbhttps:\/\/s2mseguros.es\/wp-content\/uploads\/2023\/03\/coche.png\u00bb module_class=\u00bbcard\u00bb _builder_version=\u00bb4.20.0&#8243; _module_preset=\u00bbdefault\u00bb header_text_align=\u00bbcenter\u00bb background_enable_color=\u00bboff\u00bb global_colors_info=\u00bb{}\u00bb][\/et_pb_blurb][\/et_pb_column][et_pb_column type=\u00bb1_4&#8243; _builder_version=\u00bb4.20.0&#8243; _module_preset=\u00bbdefault\u00bb global_colors_info=\u00bb{}\u00bb][et_pb_blurb title=\u00bbSEGURO DE HOGAR\u00bb image=\u00bbhttps:\/\/s2mseguros.es\/wp-content\/uploads\/2023\/03\/hogar.png\u00bb module_class=\u00bbcard\u00bb _builder_version=\u00bb4.20.0&#8243; _module_preset=\u00bbdefault\u00bb header_text_align=\u00bbcenter\u00bb background_enable_color=\u00bboff\u00bb global_colors_info=\u00bb{}\u00bb][\/et_pb_blurb][\/et_pb_column][\/et_pb_row][\/et_pb_section][et_pb_section fb_built=\u00bb1&#8243; _builder_version=\u00bb4.20.0&#8243; _module_preset=\u00bbdefault\u00bb global_colors_info=\u00bb{}\u00bb][et_pb_row _builder_version=\u00bb4.20.0&#8243; _module_preset=\u00bbdefault\u00bb global_colors_info=\u00bb{}\u00bb][et_pb_column type=\u00bb4_4&#8243; _builder_version=\u00bb4.20.0&#8243; _module_preset=\u00bbdefault\u00bb global_colors_info=\u00bb{}\u00bb][et_pb_text _builder_version=\u00bb4.20.0&#8243; _module_preset=\u00bbdefault\u00bb global_colors_info=\u00bb{}\u00bb]<\/p>\n<h2>\u00daltimas noticias<\/h2>\n<p>[\/et_pb_text][dgbm_blog_module posts_number=\u00bb3&#8243; title_tag=\u00bbh3&#8243; show_excerpt=\u00bboff\u00bb show_categories=\u00bboff\u00bb show_author=\u00bboff\u00bb show_date=\u00bboff\u00bb show_pagination=\u00bboff\u00bb space_between=\u00bb80px\u00bb equal_height=\u00bbon\u00bb _builder_version=\u00bb4.20.0&#8243; _module_preset=\u00bbdefault\u00bb global_colors_info=\u00bb{}\u00bb][\/dgbm_blog_module][et_pb_text _builder_version=\u00bb4.20.0&#8243; _module_preset=\u00bbdefault\u00bb text_orientation=\u00bbcenter\u00bb global_colors_info=\u00bb{}\u00bb]<a target=\"_blank\" href=\"\" rel=\"noopener\">VER TODAS LAS PUBLICACIONES >><\/a>[\/et_pb_text][\/et_pb_column][\/et_pb_row][\/et_pb_section]<\/p>","protected":false},"excerpt":{"rendered":"<p>Nuestro equipo de expertos en seguros trabaja diariamente para ofrecer el mejor servicio personalizado a nuestros clientes.Nuestra empresaDisponemos de un equipo preparado para cualquier situaci\u00f3n o problem\u00e1tica. No dudes en ponerte en contacto con nosotros.\u00daltimas noticias<div class=\"et_pb_module dgbm_blog_module dgbm_blog_module_0\">\n\t\t\t\t\n\t\t\t\t\n\t\t\t\t\n\t\t\t\t\n\t\t\t\t\n\t\t\t\t\n\t\t\t\t<div class=\"et_pb_module_inner\">\n\t\t\t\t\t<div class=\"dg-blog-module equal-hieght\">\r\n\t\t\t\t\t\t\t<div class=\"dg-blog-inner-wrapper column-3 column-tablet-2 column-mobile-1 image-top\">\r\n\t\t\t\t\t\t\t\t<div class=\"et_pb_ajax_pagination_container\">\r\n\t\t\t\t\t\t\t\t\t<div class=\"dg-blog-grid\" >                <article id=\"post-214\" class=\"dgbm_post_item v2 post-214 post type-post status-publish format-standard has-post-thumbnail hentry category-sin-categoria\" >\r\n                    <div class=\"dg-post-thumb\" > <a class=\"featured-image-link\"  href=\"https:\/\/s2mseguros.es\/en\/malesuada-euismod-laoreet-hac-libero-rhoncus\/\"><img src=\"https:\/\/s2mseguros.es\/wp-content\/uploads\/2023\/03\/shutterstock_2065311284-400x250.png\" alt=\"Bienvenidos a s2m seguros\" class=\"\" srcset=\"https:\/\/s2mseguros.es\/wp-content\/uploads\/2023\/03\/shutterstock_2065311284.png 479w, https:\/\/s2mseguros.es\/wp-content\/uploads\/2023\/03\/shutterstock_2065311284-400x250.png 480w \" sizes=\"(max-width:479px) 479px, 100vw \"  width=\"400\" height=\"250\" \/><\/a><\/div>                                            <div class=\"content-wrapper\">\r\n\t\t\t\t\t\t                             <h3 class=\"dg_bm_title\"><a href=\"https:\/\/s2mseguros.es\/en\/malesuada-euismod-laoreet-hac-libero-rhoncus\/\">Bienvenidos a s2m seguros<\/a><\/h3>                                                                                                                \r\n                        <\/div>\r\n                                    <\/article>\r\n                <\/div> \r\n\t\t\t\t\t\t\t\t<\/div>\r\n\t\t\t\t\t\t\t<\/div>\r\n                        <\/div>\n\t\t\t\t<\/div>\n\t\t\t<\/div>VER TODAS LAS PUBLICACIONES >><\/p>","protected":false},"author":1,"featured_media":0,"parent":0,"menu_order":0,"comment_status":"closed","ping_status":"closed","template":"","meta":{"_et_pb_use_builder":"on","_et_pb_old_content":"","_et_gb_content_width":""},"yoast_head":"<!-- This site is optimized with the Yoast SEO plugin v20.7 - https:\/\/yoast.com\/wordpress\/plugins\/seo\/ -->\n<title>Inicio - s2mseguros<\/title>\n<meta name=\"description\" content=\"Nuestro equipo de expertos en seguros trabaja diariamente para ofrecer el mejor servicio personalizado a nuestros clientes.\" \/>\n<meta name=\"robots\" content=\"index, follow, max-snippet:-1, max-image-preview:large, max-video-preview:-1\" \/>\n<link rel=\"canonical\" href=\"https:\/\/s2mseguros.es\/en\/\" \/>\n<meta property=\"og:locale\" content=\"en_US\" \/>\n<meta property=\"og:type\" content=\"article\" \/>\n<meta property=\"og:title\" content=\"Inicio - s2mseguros\" \/>\n<meta property=\"og:description\" content=\"Nuestro equipo de expertos en seguros trabaja diariamente para ofrecer el mejor servicio personalizado a nuestros clientes.\" \/>\n<meta property=\"og:url\" content=\"https:\/\/s2mseguros.es\/en\/\" \/>\n<meta property=\"og:site_name\" content=\"s2mseguros\" \/>\n<meta property=\"article:modified_time\" content=\"2023-05-15T07:53:04+00:00\" \/>\n<meta name=\"twitter:card\" content=\"summary_large_image\" \/>\n<meta name=\"twitter:label1\" content=\"Est. reading time\" \/>\n\t<meta name=\"twitter:data1\" content=\"2 minutes\" \/>\n<script type=\"application\/ld+json\" class=\"yoast-schema-graph\">{\"@context\":\"https:\/\/schema.org\",\"@graph\":[{\"@type\":\"WebPage\",\"@id\":\"https:\/\/s2mseguros.es\/\",\"url\":\"https:\/\/s2mseguros.es\/\",\"name\":\"Inicio - s2mseguros\",\"isPartOf\":{\"@id\":\"https:\/\/s2mseguros.es\/#website\"},\"datePublished\":\"2023-03-17T14:38:10+00:00\",\"dateModified\":\"2023-05-15T07:53:04+00:00\",\"description\":\"Nuestro equipo de expertos en seguros trabaja diariamente para ofrecer el mejor servicio personalizado a nuestros clientes.\",\"breadcrumb\":{\"@id\":\"https:\/\/s2mseguros.es\/#breadcrumb\"},\"inLanguage\":\"en-US\",\"potentialAction\":[{\"@type\":\"ReadAction\",\"target\":[\"https:\/\/s2mseguros.es\/\"]}]},{\"@type\":\"BreadcrumbList\",\"@id\":\"https:\/\/s2mseguros.es\/#breadcrumb\",\"itemListElement\":[{\"@type\":\"ListItem\",\"position\":1,\"name\":\"Home\",\"item\":\"https:\/\/s2mseguros.es\/\"},{\"@type\":\"ListItem\",\"position\":2,\"name\":\"Inicio\"}]},{\"@type\":\"WebSite\",\"@id\":\"https:\/\/s2mseguros.es\/#website\",\"url\":\"https:\/\/s2mseguros.es\/\",\"name\":\"s2mseguros\",\"description\":\"\",\"potentialAction\":[{\"@type\":\"SearchAction\",\"target\":{\"@type\":\"EntryPoint\",\"urlTemplate\":\"https:\/\/s2mseguros.es\/?s={search_term_string}\"},\"query-input\":\"required name=search_term_string\"}],\"inLanguage\":\"en-US\"}]}<\/script>\n<!-- \/ Yoast SEO plugin. -->","yoast_head_json":{"title":"Inicio - s2mseguros","description":"Nuestro equipo de expertos en seguros trabaja diariamente para ofrecer el mejor servicio personalizado a nuestros clientes.","robots":{"index":"index","follow":"follow","max-snippet":"max-snippet:-1","max-image-preview":"max-image-preview:large","max-video-preview":"max-video-preview:-1"},"canonical":"https:\/\/s2mseguros.es\/en\/","og_locale":"en_US","og_type":"article","og_title":"Inicio - s2mseguros","og_description":"Nuestro equipo de expertos en seguros trabaja diariamente para ofrecer el mejor servicio personalizado a nuestros clientes.","og_url":"https:\/\/s2mseguros.es\/en\/","og_site_name":"s2mseguros","article_modified_time":"2023-05-15T07:53:04+00:00","twitter_card":"summary_large_image","twitter_misc":{"Est. reading time":"2 minutes"},"schema":{"@context":"https:\/\/schema.org","@graph":[{"@type":"WebPage","@id":"https:\/\/s2mseguros.es\/","url":"https:\/\/s2mseguros.es\/","name":"Inicio - s2mseguros","isPartOf":{"@id":"https:\/\/s2mseguros.es\/#website"},"datePublished":"2023-03-17T14:38:10+00:00","dateModified":"2023-05-15T07:53:04+00:00","description":"Nuestro equipo de expertos en seguros trabaja diariamente para ofrecer el mejor servicio personalizado a nuestros clientes.","breadcrumb":{"@id":"https:\/\/s2mseguros.es\/#breadcrumb"},"inLanguage":"en-US","potentialAction":[{"@type":"ReadAction","target":["https:\/\/s2mseguros.es\/"]}]},{"@type":"BreadcrumbList","@id":"https:\/\/s2mseguros.es\/#breadcrumb","itemListElement":[{"@type":"ListItem","position":1,"name":"Home","item":"https:\/\/s2mseguros.es\/"},{"@type":"ListItem","position":2,"name":"Inicio"}]},{"@type":"WebSite","@id":"https:\/\/s2mseguros.es\/#website","url":"https:\/\/s2mseguros.es\/","name":"s2mseguros","description":"","potentialAction":[{"@type":"SearchAction","target":{"@type":"EntryPoint","urlTemplate":"https:\/\/s2mseguros.es\/?s={search_term_string}"},"query-input":"required name=search_term_string"}],"inLanguage":"en-US"}]}},"_links":{"self":[{"href":"https:\/\/s2mseguros.es\/en\/wp-json\/wp\/v2\/pages\/49"}],"collection":[{"href":"https:\/\/s2mseguros.es\/en\/wp-json\/wp\/v2\/pages"}],"about":[{"href":"https:\/\/s2mseguros.es\/en\/wp-json\/wp\/v2\/types\/page"}],"author":[{"embeddable":true,"href":"https:\/\/s2mseguros.es\/en\/wp-json\/wp\/v2\/users\/1"}],"replies":[{"embeddable":true,"href":"https:\/\/s2mseguros.es\/en\/wp-json\/wp\/v2\/comments?post=49"}],"version-history":[{"count":34,"href":"https:\/\/s2mseguros.es\/en\/wp-json\/wp\/v2\/pages\/49\/revisions"}],"predecessor-version":[{"id":344543,"href":"https:\/\/s2mseguros.es\/en\/wp-json\/wp\/v2\/pages\/49\/revisions\/344543"}],"wp:attachment":[{"href":"https:\/\/s2mseguros.es\/en\/wp-json\/wp\/v2\/media?parent=49"}],"curies":[{"name":"wp","href":"https:\/\/api.w.org\/{rel}","templated":true}]}}